{"id":7690,"date":"2023-09-13T08:13:36","date_gmt":"2023-09-13T08:13:36","guid":{"rendered":"https:\/\/maxkrone.dk\/?page_id=7690"},"modified":"2026-04-29T12:26:16","modified_gmt":"2026-04-29T12:26:16","slug":"knaekbroed","status":"publish","type":"page","link":"https:\/\/maxkrone.dk\/en\/sortiment\/broed-og-kager\/knaekbroed\/","title":{"rendered":"Crispbread"},"content":{"rendered":"<p>[et_pb_section fb_built=&#8221;1&#8243; custom_padding_last_edited=&#8221;on|desktop&#8221; _builder_version=&#8221;4.22.2&#8243; background_color=&#8221;#353535&#8243; background_image=&#8221;https:\/\/maxkrone.dk\/wp-content\/uploads\/2022\/04\/Knaekbroed-menu.webp&#8221; background_blend=&#8221;overlay&#8221; custom_padding=&#8221;200px||100px||false|false&#8221; custom_padding_tablet=&#8221;&#8221; custom_padding_phone=&#8221;130px||20px||false|false&#8221; global_colors_info=&#8221;{}&#8221;][et_pb_row use_custom_gutter=&#8221;on&#8221; gutter_width=&#8221;2&#8243; make_equal=&#8221;on&#8221; _builder_version=&#8221;4.22.1&#8243; width=&#8221;90%&#8221; width_tablet=&#8221;90%&#8221; width_phone=&#8221;90%&#8221; width_last_edited=&#8221;on|desktop&#8221; max_width=&#8221;1300px&#8221; max_width_tablet=&#8221;90%&#8221; max_width_phone=&#8221;90%&#8221; max_width_last_edited=&#8221;on|phone&#8221; custom_margin=&#8221;-1px|auto||auto||&#8221; custom_padding=&#8221;14px||0px|||&#8221; global_colors_info=&#8221;{}&#8221;][et_pb_column type=&#8221;4_4&#8243; _builder_version=&#8221;4.16&#8243; global_colors_info=&#8221;{}&#8221;][et_pb_text _builder_version=&#8221;4.22.2&#8243; header_2_font=&#8221;Raleway|600|||||||&#8221; header_2_text_align=&#8221;center&#8221; header_2_text_color=&#8221;#ffffff&#8221; header_2_font_size=&#8221;32px&#8221; header_2_letter_spacing=&#8221;6.4px&#8221; custom_margin=&#8221;||19px|||&#8221; custom_margin_tablet=&#8221;&#8221; custom_margin_phone=&#8221;||0px||false|false&#8221; custom_margin_last_edited=&#8221;on|phone&#8221; custom_padding=&#8221;0px||0px||false|false&#8221; header_2_font_size_tablet=&#8221;&#8221; header_2_font_size_phone=&#8221;25px&#8221; header_2_font_size_last_edited=&#8221;on|phone&#8221; header_2_letter_spacing_tablet=&#8221;&#8221; header_2_letter_spacing_phone=&#8221;3px&#8221; header_2_letter_spacing_last_edited=&#8221;on|phone&#8221; global_colors_info=&#8221;{}&#8221;]<\/p>\n<h2>Kn\u00e6kbr\u00f8d<\/h2>\n<p>[\/et_pb_text][dsm_breadcrumbs home_text=&#8221;Hjem&#8221; align=&#8221;center&#8221; current_bg_color=&#8221;RGBA(255,255,255,0)&#8221; _builder_version=&#8221;4.22.1&#8243; _module_preset=&#8221;default&#8221; items_text_color=&#8221;#FFFFFF&#8221; home_icon_text_color=&#8221;#FFFFFF&#8221; home_icon_font_size=&#8221;13px&#8221; separators_text_color=&#8221;#FFFFFF&#8221; current_text_color=&#8221;#dddddd&#8221; custom_margin=&#8221;0px||0px||false|false&#8221; custom_padding=&#8221;0px||0px||false|false&#8221; global_colors_info=&#8221;{}&#8221;][\/dsm_breadcrumbs][\/et_pb_column][\/et_pb_row][\/et_pb_section][et_pb_section fb_built=&#8221;1&#8243; _builder_version=&#8221;4.22.2&#8243; background_color=&#8221;#fcfbf9&#8243; custom_padding=&#8221;31px||60px||false|&#8221; global_colors_info=&#8221;{}&#8221;][et_pb_row column_structure=&#8221;1_2,1_2&#8243; use_custom_gutter=&#8221;on&#8221; gutter_width=&#8221;2&#8243; make_equal=&#8221;on&#8221; _builder_version=&#8221;4.22.1&#8243; width=&#8221;90%&#8221; width_tablet=&#8221;90%&#8221; width_phone=&#8221;90%&#8221; width_last_edited=&#8221;on|phone&#8221; max_width=&#8221;1300px&#8221; max_width_tablet=&#8221;90%&#8221; max_width_phone=&#8221;90%&#8221; max_width_last_edited=&#8221;on|tablet&#8221; custom_padding=&#8221;||40px|||&#8221; animation_style=&#8221;slide&#8221; animation_direction=&#8221;bottom&#8221; animation_intensity_slide=&#8221;8%&#8221; global_colors_info=&#8221;{}&#8221;][et_pb_column type=&#8221;1_2&#8243; _builder_version=&#8221;4.16&#8243; global_colors_info=&#8221;{}&#8221;][et_pb_text _builder_version=&#8221;4.22.1&#8243; header_2_font=&#8221;Raleway|600|||||||&#8221; header_2_text_align=&#8221;left&#8221; header_2_text_color=&#8221;#030303&#8243; header_2_font_size=&#8221;32px&#8221; header_2_letter_spacing=&#8221;6.4px&#8221; header_2_font_size_tablet=&#8221;&#8221; header_2_font_size_phone=&#8221;25px&#8221; header_2_font_size_last_edited=&#8221;on|phone&#8221; header_2_letter_spacing_tablet=&#8221;&#8221; header_2_letter_spacing_phone=&#8221;3px&#8221; header_2_letter_spacing_last_edited=&#8221;on|phone&#8221; global_colors_info=&#8221;{}&#8221;]<\/p>\n<h2>Kn\u00e6kbr\u00f8d<\/h2>\n<p>[\/et_pb_text][et_pb_text _builder_version=&#8221;4.22.1&#8243; text_font=&#8221;Raleway|300|||||||&#8221; text_text_color=&#8221;#333333&#8243; text_font_size=&#8221;18px&#8221; text_line_height=&#8221;1.3em&#8221; custom_margin=&#8221;-10px||||false|false&#8221; text_line_height_tablet=&#8221;&#8221; text_line_height_phone=&#8221;1.5em&#8221; text_line_height_last_edited=&#8221;on|phone&#8221; global_colors_info=&#8221;{}&#8221;]<\/p>\n<p data-start=\"247\" data-end=\"371\">Vi tilbyder et bredt udvalg af kn\u00e6kbr\u00f8d i forskellige smagsvarianter \u2013 alle med fokus p\u00e5 kvalitet, spr\u00f8dhed og gode r\u00e5varer.<\/p>\n<p data-start=\"373\" data-end=\"605\">Vores <strong data-start=\"379\" data-end=\"396\">kernekn\u00e6kbr\u00f8d<\/strong> er fyldt med minimum 55% fr\u00f8 og kerner, som giver en dejlig spr\u00f8d tekstur og en fyldig smag. V\u00e6lg mellem flere varianter, herunder klassisk havsalt eller smagfuld hvidl\u00f8g \u2013 perfekte b\u00e5de alene og med topping.<\/p>\n<p data-start=\"607\" data-end=\"840\">Vores <strong data-start=\"613\" data-end=\"627\">rugstave<\/strong> er en lettere og mere snackvenlig variant, der passer perfekt til tapas, ostebordet eller en hurtig bid p\u00e5 farten. De f\u00e5s i flere l\u00e6kre smage som havsalt, ost og gr\u00f8ntsager \u2013 herunder gulerod, gr\u00f8nk\u00e5l og r\u00f8dbede.<\/p>\n<p data-start=\"842\" data-end=\"1033\">Derudover tilbyder vi <strong data-start=\"864\" data-end=\"907\">\u00f8kologiske fuldkornskiks med rodfrugter<\/strong>, som er et godt valg til madpakken. De er portionspakket og nemme at tage med \u2013 uden at g\u00e5 p\u00e5 kompromis med smag og kvalitet.<\/p>\n<p data-start=\"1035\" data-end=\"1173\">Uanset om du mangler noget spr\u00f8dt til morgenbordet, en snack i l\u00f8bet af dagen eller tilbeh\u00f8r til tapas, finder du et kn\u00e6kbr\u00f8d, der passer.<\/p>\n<p>[\/et_pb_text][\/et_pb_column][et_pb_column type=&#8221;1_2&#8243; _builder_version=&#8221;4.16&#8243; global_colors_info=&#8221;{}&#8221;][dsm_tilt_image src=&#8221;https:\/\/maxkrone.dk\/wp-content\/uploads\/2026\/04\/knaekbroed-11.png&#8221; title_text=&#8221;kn\u00e6kbr\u00f8d 11&#8243; dsm_tilt_max=&#8221;10&#8243; dsm_tilt_speed=&#8221;500&#8243; dsm_use_glare=&#8221;on&#8221; _builder_version=&#8221;4.27.6&#8243; _module_preset=&#8221;default&#8221; hover_enabled=&#8221;0&#8243; global_colors_info=&#8221;{}&#8221; sticky_enabled=&#8221;0&#8243; width=&#8221;88%&#8221;][\/dsm_tilt_image][\/et_pb_column][\/et_pb_row][et_pb_row use_custom_gutter=&#8221;on&#8221; gutter_width=&#8221;2&#8243; make_equal=&#8221;on&#8221; _builder_version=&#8221;4.22.1&#8243; width=&#8221;90%&#8221; width_tablet=&#8221;90%&#8221; width_phone=&#8221;90%&#8221; width_last_edited=&#8221;on|phone&#8221; max_width=&#8221;1300px&#8221; max_width_tablet=&#8221;90%&#8221; max_width_phone=&#8221;90%&#8221; max_width_last_edited=&#8221;on|tablet&#8221; custom_padding=&#8221;12px||0px|||&#8221; global_colors_info=&#8221;{}&#8221;][et_pb_column type=&#8221;4_4&#8243; _builder_version=&#8221;4.16&#8243; global_colors_info=&#8221;{}&#8221;][dsm_image_carousel gallery_ids=&#8221;247012,7724,247013&#8243; slide_to_show=&#8221;3&#8243; autoplay=&#8221;off&#8221; _builder_version=&#8221;4.27.6&#8243; _module_preset=&#8221;default&#8221; background_color=&#8221;#f8f4e6&#8243; hover_enabled=&#8221;0&#8243; global_colors_info=&#8221;{}&#8221; sticky_enabled=&#8221;0&#8243;][\/dsm_image_carousel][\/et_pb_column][\/et_pb_row][\/et_pb_section]<\/p>\n","protected":false},"excerpt":{"rendered":"<p>Crispbread<div class=\"et_pb_module dsm_breadcrumbs dsm_breadcrumbs_0\">\n\t\t\t\t\n\t\t\t\t\n\t\t\t\t\n\t\t\t\t\n\t\t\t\t\n\t\t\t\t\n\t\t\t\t<div class=\"et_pb_module_inner\">\n\t\t\t\t\t<nav class=\"dsm_breadcrumbs_wrap\">\n\t\t\t\t<ul class=\"dsm_breadcrumbs\" itemscope itemtype=\"https:\/\/schema.org\/BreadcrumbList\">\t\t\t<li class=\"dsm_breadcrumbs_item dsm_home_item dsm_home_item_custom\" itemprop=\"itemListElement\" itemscope\n\t\t\titemtype=\"https:\/\/schema.org\/ListItem\">\n\t\t\t\t<a href=\"https:\/\/maxkrone.dk\/en\" itemprop=\"item\" target=\"\">\n\t\t\t\t\t<span class='dsm_home_text_wrapper'>\n\t\t\t\t\t\t\t\t\t\t\t\t\t<span class=\"et-pb-icon dsm_home_icon\">\ue009<\/span>\n\t\t\t\t\t\t\t\t\t\t\t\t\t<span class=\"dsm_home_text\" itemprop=\"name\">\n\t\t\t\t\t\t\t\tHome\t\t\t\t\t\t\t<\/span>\n\t\t\t\t\t<\/span>\n\t\t\t\t<\/a>\n\t\t\t\t<meta itemprop=\"position\" content=\"1\" \/>\n\t\t\t<\/li>\n\n\t\t<li class=\"dsm_breadcrumbs_separator\"> <span class=\"et-pb-icon dsm_separator_icon\">5<\/span><\/li><\/ul>\n\t\t\t<\/nav>\n\t\t\t\t<\/div>\n\t\t\t<\/div>Kn\u00e6kbr\u00f8dVi tilbyder et bredt udvalg af kn\u00e6kbr\u00f8d i forskellige smagsvarianter \u2013 alle med fokus p\u00e5 kvalitet, spr\u00f8dhed og gode r\u00e5varer. Vores kernekn\u00e6kbr\u00f8d er fyldt med minimum 55% fr\u00f8 og kerner, som giver en dejlig spr\u00f8d tekstur og en fyldig smag. V\u00e6lg mellem flere varianter, herunder klassisk havsalt eller smagfuld hvidl\u00f8g \u2013 perfekte b\u00e5de alene og med topping. Vores rugstave er en lettere og mere snackvenlig variant, der passer perfekt til tapas, ostebordet eller en hurtig bid p\u00e5 farten. De f\u00e5s i flere l\u00e6kre smage som havsalt, ost og gr\u00f8ntsager \u2013 herunder gulerod, gr\u00f8nk\u00e5l og r\u00f8dbede. Derudover tilbyder vi \u00f8kologiske fuldkornskiks med rodfrugter, som er et godt valg til madpakken. De er portionspakket og nemme at tage med \u2013 uden at g\u00e5 p\u00e5 kompromis med smag og kvalitet. Uanset om du mangler noget spr\u00f8dt til morgenbordet, en snack i l\u00f8bet af dagen eller tilbeh\u00f8r til tapas, finder du et kn\u00e6kbr\u00f8d, der passer.<div class=\"et_pb_module dsm_tilt_image dsm_tilt_image_0\">\n\t\t\t\t\n\t\t\t\t\n\t\t\t\t\n\t\t\t\t\n\t\t\t\t\n\t\t\t\t\n\t\t\t\t<div class=\"et_pb_module_inner\">\n\t\t\t\t\t<div class=\"dsm-tilt-image-wrapper\" data-tilt data-tilt-max=\"10\" data-tilt-speed=\"500\" data-tilt-perspective=\"1000\" data-tilt-scale=\"1\" data-tilt-mobile-disable=\"off\" data-tilt-glare data-tilt-max-glare=\"1\" data-tilt-reverse=\"false\">\n\t\t\t\t\n\t\t\t\t\n\t\t\t\t<span class=\"et_pb_image_wrap\"><img decoding=\"async\" src=\"https:\/\/maxkrone.dk\/wp-content\/uploads\/2026\/04\/knaekbroed-11.png\" alt=\"\" title=\"kn\u00e6kbr\u00f8d 11\" \/><\/span>\n\t\t\t<\/div>\n\t\t\t\t<\/div>\n\t\t\t<\/div><div class=\"et_pb_module dsm_image_carousel dsm_image_carousel_0 dsm_image_carousel_arrow_outside dsm_image_carousel_arrow_mobile_inside\">\n\t\t\t\t\n\t\t\t\t\n\t\t\t\t\n\t\t\t\t\n\t\t\t\t\n\t\t\t\t\n\t\t\t\t<div class=\"et_pb_module_inner\">\n\t\t\t\t\t<div class=\"swiper-container dsm_image_carousel_container  dsm_image_carousel_carousel\" dir=\"ltr\"data-effect=\"default\"\n\t\t\tdata-slider-effect-shadows=\"false\"\n\t\t\tdata-slider-effect-coverflow-rotate=\"30\"\n\t\t\tdata-slider-effect-coverflow-depth=\"0\"\n\t\t\tdata-loop=\"true\"\n\t\t\tdata-slide-to-show=\"3\"\n\t\t\tdata-slide-to-show-tablet=\"1\"\n\t\t\tdata-slide-to-show-phone=\"1\"\n\t\t\tdata-slide-to-scroll=\"1\"\n\t\t\tdata-slide-to-scroll-tablet=\"1\"\n\t\t\tdata-slide-to-scroll-phone=\"1\"\n\t\t\tdata-space-between=\"15\"\n\t\t\tdata-space-between-tablet=\"15\"\n\t\t\tdata-space-between-phone=\"15\"\n\t\t\tdata-slide-row=\"1\"\n\t\t\tdata-centered-slides=\"false\"\n\t\t\tdata-speed=\"300\"\n\t\t\tdata-autoplay=\"false\"\n\t\t\tdata-autoplay-speed=\"3000\"\n\t\t\tdata-touch-move=\"true\"\n\t\t\tdata-grab=\"true\"\n\t\t\tdata-pause-on-hover=\"false\"\n\t\t\tdata-show-lightbox=\"false\"\n\t\t\tdata-lightbox-gallery=\"false\"\n\t\t\tdata-lightbox-caption=\"false\"\n\t\t\tdata-infinite-scrolling=\"false\"\n\t\t\tdata-slide-row-tablet=\"1\"\n\t\t\tdata-slide-row-phone=\"1\"\n\t\t\t\n\t\t\tdata-mousewheel=\"false\"\n\t\t\tdata-lazyload=\"false\"\n\t\t\tdata-type=\"carousel\"\n\t\t\tdata-slideshow-effect=\"default\"\n\t\t\tdata-slideshow-to-show=\"4\"\n\t\t\tdata-slideshow-to-show-tablet=\"4\"\n\t\t\tdata-slideshow-to-show-phone=\"\"\n\t\t\tdata-slider-orientation=\"horizontal\"\n\t\t\t\t\t\tdata-lightbox-title=\"false\"\n\n\t\t\t><div class=\"swiper-wrapper\"><div class=\"swiper-slide dsm_image_carousel_item\"><img loading=\"lazy\" decoding=\"async\" src=\"https:\/\/maxkrone.dk\/wp-content\/uploads\/2026\/04\/Knaekbroed-med-kerner.png\" alt=\"\" title=\"Kn\u00e6kbr\u00f8d med kerner\" width=\"1254\" height=\"1254\" data-dsm-image-description=\"\" srcset=\"https:\/\/maxkrone.dk\/wp-content\/uploads\/2026\/04\/Knaekbroed-med-kerner.png 1254w, https:\/\/maxkrone.dk\/wp-content\/uploads\/2026\/04\/Knaekbroed-med-kerner-980x980.png 980w, https:\/\/maxkrone.dk\/wp-content\/uploads\/2026\/04\/Knaekbroed-med-kerner-480x480.png 480w\" sizes=\"(min-width: 0px) and (max-width: 480px) 480px, (min-width: 481px) and (max-width: 980px) 980px, (min-width: 981px) 1254px, 100vw\" class=\"skip-lazy\" \/><\/div><div class=\"swiper-slide dsm_image_carousel_item\"><img loading=\"lazy\" decoding=\"async\" src=\"https:\/\/maxkrone.dk\/wp-content\/uploads\/2023\/09\/Oeko.-rugstave-m-1024x1024-.jpg\" alt=\"\" title=\"Eco.-rugstave-m-1024x1024\" width=\"1024\" height=\"1024\" data-dsm-image-description=\"\" srcset=\"https:\/\/maxkrone.dk\/wp-content\/uploads\/2023\/09\/Oeko.-rugstave-m-1024x1024-.jpg 1024w, https:\/\/maxkrone.dk\/wp-content\/uploads\/2023\/09\/Oeko.-rugstave-m-1024x1024--980x980.jpg 980w, https:\/\/maxkrone.dk\/wp-content\/uploads\/2023\/09\/Oeko.-rugstave-m-1024x1024--480x480.jpg 480w\" sizes=\"(min-width: 0px) and (max-width: 480px) 480px, (min-width: 481px) and (max-width: 980px) 980px, (min-width: 981px) 1024px, 100vw\" class=\"skip-lazy\" \/><\/div><div class=\"swiper-slide dsm_image_carousel_item\"><img loading=\"lazy\" decoding=\"async\" src=\"https:\/\/maxkrone.dk\/wp-content\/uploads\/2026\/04\/Fuldkornskiks.png\" alt=\"\" title=\"Fuldkornskiks\" width=\"1254\" height=\"1254\" data-dsm-image-description=\"\" srcset=\"https:\/\/maxkrone.dk\/wp-content\/uploads\/2026\/04\/Fuldkornskiks.png 1254w, https:\/\/maxkrone.dk\/wp-content\/uploads\/2026\/04\/Fuldkornskiks-980x980.png 980w, https:\/\/maxkrone.dk\/wp-content\/uploads\/2026\/04\/Fuldkornskiks-480x480.png 480w\" sizes=\"(min-width: 0px) and (max-width: 480px) 480px, (min-width: 481px) and (max-width: 980px) 980px, (min-width: 981px) 1254px, 100vw\" class=\"skip-lazy\" \/><\/div><\/div><\/div><div class=\"swiper-button-prev swiper-arrow-button\" data-icon=\"4\"><\/div><div class=\"swiper-button-next swiper-arrow-button\" data-icon=\"5\"><\/div><div class=\"swiper-pagination\"><\/div>\n\t\t\t\t<\/div>\n\t\t\t<\/div><\/p>","protected":false},"author":4,"featured_media":0,"parent":7688,"menu_order":1,"comment_status":"closed","ping_status":"closed","template":"","meta":{"_et_pb_use_builder":"on","_et_pb_old_content":"<!-- wp:divi\/placeholder \/-->","_et_gb_content_width":"","footnotes":""},"class_list":["post-7690","page","type-page","status-publish","hentry"],"_links":{"self":[{"href":"https:\/\/maxkrone.dk\/en\/wp-json\/wp\/v2\/pages\/7690","targetHints":{"allow":["GET"]}}],"collection":[{"href":"https:\/\/maxkrone.dk\/en\/wp-json\/wp\/v2\/pages"}],"about":[{"href":"https:\/\/maxkrone.dk\/en\/wp-json\/wp\/v2\/types\/page"}],"author":[{"embeddable":true,"href":"https:\/\/maxkrone.dk\/en\/wp-json\/wp\/v2\/users\/4"}],"replies":[{"embeddable":true,"href":"https:\/\/maxkrone.dk\/en\/wp-json\/wp\/v2\/comments?post=7690"}],"version-history":[{"count":17,"href":"https:\/\/maxkrone.dk\/en\/wp-json\/wp\/v2\/pages\/7690\/revisions"}],"predecessor-version":[{"id":247014,"href":"https:\/\/maxkrone.dk\/en\/wp-json\/wp\/v2\/pages\/7690\/revisions\/247014"}],"up":[{"embeddable":true,"href":"https:\/\/maxkrone.dk\/en\/wp-json\/wp\/v2\/pages\/7688"}],"wp:attachment":[{"href":"https:\/\/maxkrone.dk\/en\/wp-json\/wp\/v2\/media?parent=7690"}],"curies":[{"name":"wp","href":"https:\/\/api.w.org\/{rel}","templated":true}]}}