{"id":7700,"date":"2023-09-13T08:15:37","date_gmt":"2023-09-13T08:15:37","guid":{"rendered":"https:\/\/maxkrone.dk\/?page_id=7700"},"modified":"2025-06-26T13:04:31","modified_gmt":"2025-06-26T13:04:31","slug":"riskiks","status":"publish","type":"page","link":"https:\/\/maxkrone.dk\/en\/sortiment\/snacks-godter\/riskiks\/","title":{"rendered":"Rice cakes"},"content":{"rendered":"<p>[et_pb_section fb_built=&#8221;1&#8243; custom_padding_last_edited=&#8221;on|desktop&#8221; _builder_version=&#8221;4.27.4&#8243; background_color=&#8221;#353535&#8243; background_image=&#8221;https:\/\/maxkrone.dk\/wp-content\/uploads\/2025\/06\/riskiks-billede-1-kopier.webp&#8221; background_blend=&#8221;overlay&#8221; custom_padding=&#8221;200px||100px||false|false&#8221; custom_padding_tablet=&#8221;&#8221; custom_padding_phone=&#8221;130px||20px||false|false&#8221; hover_enabled=&#8221;0&#8243; global_colors_info=&#8221;{}&#8221; title_text=&#8221;riskiks-billede-1 kopier&#8221; sticky_enabled=&#8221;0&#8243;][et_pb_row use_custom_gutter=&#8221;on&#8221; gutter_width=&#8221;2&#8243; make_equal=&#8221;on&#8221; _builder_version=&#8221;4.22.1&#8243; width=&#8221;90%&#8221; width_tablet=&#8221;90%&#8221; width_phone=&#8221;90%&#8221; width_last_edited=&#8221;on|desktop&#8221; max_width=&#8221;1300px&#8221; max_width_tablet=&#8221;90%&#8221; max_width_phone=&#8221;90%&#8221; max_width_last_edited=&#8221;on|phone&#8221; custom_margin=&#8221;-1px|auto||auto||&#8221; custom_padding=&#8221;14px||0px|||&#8221; global_colors_info=&#8221;{}&#8221;][et_pb_column type=&#8221;4_4&#8243; _builder_version=&#8221;4.16&#8243; global_colors_info=&#8221;{}&#8221;][et_pb_text _builder_version=&#8221;4.22.2&#8243; header_2_font=&#8221;Raleway|600|||||||&#8221; header_2_text_align=&#8221;center&#8221; header_2_text_color=&#8221;#ffffff&#8221; header_2_font_size=&#8221;32px&#8221; header_2_letter_spacing=&#8221;6.4px&#8221; custom_margin=&#8221;||19px|||&#8221; custom_margin_tablet=&#8221;&#8221; custom_margin_phone=&#8221;||0px||false|false&#8221; custom_margin_last_edited=&#8221;on|phone&#8221; custom_padding=&#8221;0px||0px||false|false&#8221; header_2_font_size_tablet=&#8221;&#8221; header_2_font_size_phone=&#8221;25px&#8221; header_2_font_size_last_edited=&#8221;on|phone&#8221; header_2_letter_spacing_tablet=&#8221;&#8221; header_2_letter_spacing_phone=&#8221;3px&#8221; header_2_letter_spacing_last_edited=&#8221;on|phone&#8221; global_colors_info=&#8221;{}&#8221;]<\/p>\n<h2>Riskiks<\/h2>\n<p>[\/et_pb_text][dsm_breadcrumbs home_text=&#8221;Hjem&#8221; align=&#8221;center&#8221; current_bg_color=&#8221;RGBA(255,255,255,0)&#8221; _builder_version=&#8221;4.22.1&#8243; _module_preset=&#8221;default&#8221; items_text_color=&#8221;#FFFFFF&#8221; home_icon_text_color=&#8221;#FFFFFF&#8221; home_icon_font_size=&#8221;13px&#8221; separators_text_color=&#8221;#FFFFFF&#8221; current_text_color=&#8221;#dddddd&#8221; custom_margin=&#8221;0px||0px||false|false&#8221; custom_padding=&#8221;0px||0px||false|false&#8221; global_colors_info=&#8221;{}&#8221;][\/dsm_breadcrumbs][\/et_pb_column][\/et_pb_row][\/et_pb_section][et_pb_section fb_built=&#8221;1&#8243; _builder_version=&#8221;4.16&#8243; custom_padding=&#8221;31px||26px||false|&#8221; global_colors_info=&#8221;{}&#8221;][et_pb_row column_structure=&#8221;1_2,1_2&#8243; use_custom_gutter=&#8221;on&#8221; gutter_width=&#8221;2&#8243; make_equal=&#8221;on&#8221; _builder_version=&#8221;4.22.1&#8243; width=&#8221;90%&#8221; width_tablet=&#8221;90%&#8221; width_phone=&#8221;90%&#8221; width_last_edited=&#8221;on|phone&#8221; max_width=&#8221;1300px&#8221; max_width_tablet=&#8221;90%&#8221; max_width_phone=&#8221;90%&#8221; max_width_last_edited=&#8221;on|tablet&#8221; custom_padding=&#8221;||40px|||&#8221; animation_style=&#8221;slide&#8221; animation_direction=&#8221;bottom&#8221; animation_intensity_slide=&#8221;7%&#8221; global_colors_info=&#8221;{}&#8221;][et_pb_column type=&#8221;1_2&#8243; _builder_version=&#8221;4.16&#8243; global_colors_info=&#8221;{}&#8221;][et_pb_text _builder_version=&#8221;4.22.1&#8243; header_2_font=&#8221;Raleway|600|||||||&#8221; header_2_text_align=&#8221;left&#8221; header_2_text_color=&#8221;#030303&#8243; header_2_font_size=&#8221;32px&#8221; header_2_letter_spacing=&#8221;6.4px&#8221; header_2_font_size_tablet=&#8221;&#8221; header_2_font_size_phone=&#8221;25px&#8221; header_2_font_size_last_edited=&#8221;on|phone&#8221; header_2_letter_spacing_tablet=&#8221;&#8221; header_2_letter_spacing_phone=&#8221;3px&#8221; header_2_letter_spacing_last_edited=&#8221;on|phone&#8221; global_colors_info=&#8221;{}&#8221;]<\/p>\n<h2>Riskiks<\/h2>\n<p>[\/et_pb_text][et_pb_text _builder_version=&#8221;4.22.1&#8243; text_font=&#8221;Raleway|300|||||||&#8221; text_text_color=&#8221;#333333&#8243; text_font_size=&#8221;18px&#8221; text_line_height=&#8221;1.3em&#8221; custom_margin=&#8221;-10px||||false|false&#8221; text_line_height_tablet=&#8221;&#8221; text_line_height_phone=&#8221;1.5em&#8221; text_line_height_last_edited=&#8221;on|phone&#8221; global_colors_info=&#8221;{}&#8221;]<\/p>\n<h3 data-start=\"131\" data-end=\"185\"><strong data-start=\"135\" data-end=\"185\"><\/strong><\/h3>\n<h3 data-start=\"131\" data-end=\"185\"><strong data-start=\"135\" data-end=\"185\">Spr\u00f8de riskiks \u2013 lette, l\u00e6kre og fulde af smag<\/strong><\/h3>\n<p data-start=\"187\" data-end=\"339\">Vores sortiment af <strong data-start=\"206\" data-end=\"224\">spr\u00f8de riskiks<\/strong> kombinerer den klassiske, luftige tekstur med sp\u00e6ndende smagsvarianter, der passer til b\u00e5de hverdag og fork\u00e6lelse.<\/p>\n<p data-start=\"341\" data-end=\"353\">V\u00e6lg f.eks. mellem:<\/p>\n<ul data-start=\"354\" data-end=\"571\">\n<li data-start=\"354\" data-end=\"424\">\n<p data-start=\"356\" data-end=\"424\"><strong data-start=\"356\" data-end=\"368\">Barbecue<\/strong> \u2013 en let krydret og r\u00f8dlig variant med masser af smag<\/p>\n<\/li>\n<li data-start=\"425\" data-end=\"491\">\n<p data-start=\"427\" data-end=\"491\"><strong data-start=\"427\" data-end=\"438\">Naturel<\/strong> \u2013 den klassiske, spr\u00f8de riskiks i sin reneste form<\/p>\n<\/li>\n<li data-start=\"492\" data-end=\"571\">\n<p data-start=\"494\" data-end=\"571\"><strong data-start=\"494\" data-end=\"507\">Chokolade<\/strong> \u2013 med et lag fl\u00f8jlsbl\u00f8d chokolade p\u00e5 toppen for en s\u00f8d kontrast<\/p>\n<\/li>\n<\/ul>\n<p data-start=\"573\" data-end=\"781\">Riskiksene er perfekte som et <strong data-start=\"603\" data-end=\"623\">let mellemm\u00e5ltid<\/strong>, til <strong data-start=\"629\" data-end=\"642\">madpakken<\/strong> eller som et <strong data-start=\"656\" data-end=\"684\">sundere snack-alternativ<\/strong>.\u00a0<\/p>\n<p data-start=\"783\" data-end=\"878\">Uanset om du er til salt, s\u00f8dt eller noget midt imellem, har vi en variant, der passer til dig.<\/p>\n<p>[\/et_pb_text][\/et_pb_column][et_pb_column type=&#8221;1_2&#8243; _builder_version=&#8221;4.16&#8243; global_colors_info=&#8221;{}&#8221;][dsm_tilt_image src=&#8221;https:\/\/maxkrone.dk\/wp-content\/uploads\/2025\/06\/riskiks-billede-1-kopier.webp&#8221; title_text=&#8221;riskiks-billede-1 kopier&#8221; dsm_tilt_max=&#8221;10&#8243; dsm_tilt_speed=&#8221;500&#8243; dsm_use_glare=&#8221;on&#8221; _builder_version=&#8221;4.27.4&#8243; _module_preset=&#8221;default&#8221; hover_enabled=&#8221;0&#8243; global_colors_info=&#8221;{}&#8221; sticky_enabled=&#8221;0&#8243;][\/dsm_tilt_image][\/et_pb_column][\/et_pb_row][\/et_pb_section]<\/p>\n","protected":false},"excerpt":{"rendered":"<p>Rice cakes<div class=\"et_pb_module dsm_breadcrumbs dsm_breadcrumbs_0\">\n\t\t\t\t\n\t\t\t\t\n\t\t\t\t\n\t\t\t\t\n\t\t\t\t\n\t\t\t\t\n\t\t\t\t<div class=\"et_pb_module_inner\">\n\t\t\t\t\t<nav class=\"dsm_breadcrumbs_wrap\">\n\t\t\t\t<ul class=\"dsm_breadcrumbs\" itemscope itemtype=\"https:\/\/schema.org\/BreadcrumbList\">\t\t\t<li class=\"dsm_breadcrumbs_item dsm_home_item dsm_home_item_custom\" itemprop=\"itemListElement\" itemscope\n\t\t\titemtype=\"https:\/\/schema.org\/ListItem\">\n\t\t\t\t<a href=\"https:\/\/maxkrone.dk\/en\" itemprop=\"item\" target=\"\">\n\t\t\t\t\t<span class='dsm_home_text_wrapper'>\n\t\t\t\t\t\t\t\t\t\t\t\t\t<span class=\"et-pb-icon dsm_home_icon\">\ue009<\/span>\n\t\t\t\t\t\t\t\t\t\t\t\t\t<span class=\"dsm_home_text\" itemprop=\"name\">\n\t\t\t\t\t\t\t\tHome\t\t\t\t\t\t\t<\/span>\n\t\t\t\t\t<\/span>\n\t\t\t\t<\/a>\n\t\t\t\t<meta itemprop=\"position\" content=\"1\" \/>\n\t\t\t<\/li>\n\n\t\t<li class=\"dsm_breadcrumbs_separator\"> <span class=\"et-pb-icon dsm_separator_icon\">5<\/span><\/li><\/ul>\n\t\t\t<\/nav>\n\t\t\t\t<\/div>\n\t\t\t<\/div>Riskiks Spr\u00f8de riskiks \u2013 lette, l\u00e6kre og fulde af smag Vores sortiment af spr\u00f8de riskiks kombinerer den klassiske, luftige tekstur med sp\u00e6ndende smagsvarianter, der passer til b\u00e5de hverdag og fork\u00e6lelse. V\u00e6lg f.eks. mellem: Barbecue \u2013 en let krydret og r\u00f8dlig variant med masser af smag Naturel \u2013 den klassiske, spr\u00f8de riskiks i sin reneste form Chokolade \u2013 med et lag fl\u00f8jlsbl\u00f8d chokolade p\u00e5 toppen for en s\u00f8d kontrast Riskiksene er perfekte som et let mellemm\u00e5ltid, til madpakken eller som et sundere snack-alternativ.\u00a0 Uanset om du er til salt, s\u00f8dt eller noget midt imellem, har vi en variant, der passer til dig.<div class=\"et_pb_module dsm_tilt_image dsm_tilt_image_0\">\n\t\t\t\t\n\t\t\t\t\n\t\t\t\t\n\t\t\t\t\n\t\t\t\t\n\t\t\t\t\n\t\t\t\t<div class=\"et_pb_module_inner\">\n\t\t\t\t\t<div class=\"dsm-tilt-image-wrapper\" data-tilt data-tilt-max=\"10\" data-tilt-speed=\"500\" data-tilt-perspective=\"1000\" data-tilt-scale=\"1\" data-tilt-mobile-disable=\"off\" data-tilt-glare data-tilt-max-glare=\"1\" data-tilt-reverse=\"false\">\n\t\t\t\t\n\t\t\t\t\n\t\t\t\t<span class=\"et_pb_image_wrap\"><img decoding=\"async\" src=\"https:\/\/maxkrone.dk\/wp-content\/uploads\/2025\/06\/riskiks-billede-1-kopier.webp\" alt=\"\" title=\"riskiks-billede-1 kopier\" \/><\/span>\n\t\t\t<\/div>\n\t\t\t\t<\/div>\n\t\t\t<\/div><\/p>","protected":false},"author":4,"featured_media":0,"parent":7698,"menu_order":1,"comment_status":"closed","ping_status":"closed","template":"","meta":{"_et_pb_use_builder":"on","_et_pb_old_content":"<!-- wp:divi\/placeholder \/-->","_et_gb_content_width":"","footnotes":""},"class_list":["post-7700","page","type-page","status-publish","hentry"],"_links":{"self":[{"href":"https:\/\/maxkrone.dk\/en\/wp-json\/wp\/v2\/pages\/7700","targetHints":{"allow":["GET"]}}],"collection":[{"href":"https:\/\/maxkrone.dk\/en\/wp-json\/wp\/v2\/pages"}],"about":[{"href":"https:\/\/maxkrone.dk\/en\/wp-json\/wp\/v2\/types\/page"}],"author":[{"embeddable":true,"href":"https:\/\/maxkrone.dk\/en\/wp-json\/wp\/v2\/users\/4"}],"replies":[{"embeddable":true,"href":"https:\/\/maxkrone.dk\/en\/wp-json\/wp\/v2\/comments?post=7700"}],"version-history":[{"count":6,"href":"https:\/\/maxkrone.dk\/en\/wp-json\/wp\/v2\/pages\/7700\/revisions"}],"predecessor-version":[{"id":246929,"href":"https:\/\/maxkrone.dk\/en\/wp-json\/wp\/v2\/pages\/7700\/revisions\/246929"}],"up":[{"embeddable":true,"href":"https:\/\/maxkrone.dk\/en\/wp-json\/wp\/v2\/pages\/7698"}],"wp:attachment":[{"href":"https:\/\/maxkrone.dk\/en\/wp-json\/wp\/v2\/media?parent=7700"}],"curies":[{"name":"wp","href":"https:\/\/api.w.org\/{rel}","templated":true}]}}